{"id":692,"date":"2021-07-28T17:33:57","date_gmt":"2021-07-28T17:33:57","guid":{"rendered":"https:\/\/wineluthier.whitelabel.codes\/sala-de-prensa\/"},"modified":"2022-12-15T10:28:09","modified_gmt":"2022-12-15T10:28:09","slug":"salle-de-presse","status":"publish","type":"page","link":"https:\/\/wineluthier.com\/fr\/salle-de-presse\/","title":{"rendered":"Salle de Presse"},"content":{"rendered":"\n<p>Les derni\u00e8res nouvelles et \u00e9volutions de Wine Luthier, ainsi que la couverture m\u00e9diatique des activit\u00e9s de l&rsquo;entreprise.&nbsp;<\/p>\n","protected":false},"excerpt":{"rendered":"<p>Les derni\u00e8res nouvelles et \u00e9volutions de Wine Luthier, ainsi que la couverture m\u00e9diatique des activit\u00e9s de l&rsquo;entreprise.&nbsp;<\/p>\n","protected":false},"author":1,"featured_media":306,"parent":0,"menu_order":48,"comment_status":"closed","ping_status":"closed","template":"templates\/pressroom.php","meta":{"_acf_changed":false,"_joinchat":[],"footnotes":""},"class_list":["post-692","page","type-page","status-publish","has-post-thumbnail","hentry"],"acf":[],"yoast_head":"<!-- This site is optimized with the Yoast SEO plugin v27.4 - https:\/\/yoast.com\/product\/yoast-seo-wordpress\/ -->\n<title>Salle de Presse - Wine Luthier<\/title>\n<meta name=\"robots\" content=\"index, follow, max-snippet:-1, max-image-preview:large, max-video-preview:-1\" \/>\n<link rel=\"canonical\" href=\"https:\/\/wineluthier.com\/fr\/salle-de-presse\/\" \/>\n<meta property=\"og:locale\" content=\"fr_FR\" \/>\n<meta property=\"og:type\" content=\"article\" \/>\n<meta property=\"og:title\" content=\"Salle de Presse - Wine Luthier\" \/>\n<meta property=\"og:description\" content=\"Les derni\u00e8res nouvelles et \u00e9volutions de Wine Luthier, ainsi que la couverture m\u00e9diatique des activit\u00e9s de l&rsquo;entreprise.&nbsp;\" \/>\n<meta property=\"og:url\" content=\"https:\/\/wineluthier.com\/fr\/salle-de-presse\/\" \/>\n<meta property=\"og:site_name\" content=\"Wine Luthier\" \/>\n<meta property=\"article:modified_time\" content=\"2022-12-15T10:28:09+00:00\" \/>\n<meta property=\"og:image\" content=\"https:\/\/wineluthier.com\/wp-content\/uploads\/2021\/09\/IMG_5887.jpg\" \/>\n<meta name=\"twitter:card\" content=\"summary_large_image\" \/>\n<meta name=\"twitter:image\" content=\"https:\/\/wineluthier.com\/wp-content\/uploads\/2021\/09\/IMG_5887.jpg\" \/>\n<meta name=\"twitter:label1\" content=\"Dur\u00e9e de lecture estim\u00e9e\" \/>\n\t<meta name=\"twitter:data1\" content=\"1 minute\" \/>\n<script type=\"application\/ld+json\" class=\"yoast-schema-graph\">{\"@context\":\"https:\\\/\\\/schema.org\",\"@graph\":[{\"@type\":\"WebPage\",\"@id\":\"https:\\\/\\\/wineluthier.com\\\/fr\\\/salle-de-presse\\\/\",\"url\":\"https:\\\/\\\/wineluthier.com\\\/fr\\\/salle-de-presse\\\/\",\"name\":\"Salle de Presse - Wine Luthier\",\"isPartOf\":{\"@id\":\"https:\\\/\\\/wineluthier.com\\\/#website\"},\"primaryImageOfPage\":{\"@id\":\"https:\\\/\\\/wineluthier.com\\\/fr\\\/salle-de-presse\\\/#primaryimage\"},\"image\":{\"@id\":\"https:\\\/\\\/wineluthier.com\\\/fr\\\/salle-de-presse\\\/#primaryimage\"},\"thumbnailUrl\":\"https:\\\/\\\/wineluthier.com\\\/wp-content\\\/uploads\\\/2021\\\/07\\\/mae-mu-rgEHTLwaI_8-unsplash-2.jpg\",\"datePublished\":\"2021-07-28T17:33:57+00:00\",\"dateModified\":\"2022-12-15T10:28:09+00:00\",\"breadcrumb\":{\"@id\":\"https:\\\/\\\/wineluthier.com\\\/fr\\\/salle-de-presse\\\/#breadcrumb\"},\"inLanguage\":\"fr-FR\",\"potentialAction\":[{\"@type\":\"ReadAction\",\"target\":[\"https:\\\/\\\/wineluthier.com\\\/fr\\\/salle-de-presse\\\/\"]}]},{\"@type\":\"ImageObject\",\"inLanguage\":\"fr-FR\",\"@id\":\"https:\\\/\\\/wineluthier.com\\\/fr\\\/salle-de-presse\\\/#primaryimage\",\"url\":\"https:\\\/\\\/wineluthier.com\\\/wp-content\\\/uploads\\\/2021\\\/07\\\/mae-mu-rgEHTLwaI_8-unsplash-2.jpg\",\"contentUrl\":\"https:\\\/\\\/wineluthier.com\\\/wp-content\\\/uploads\\\/2021\\\/07\\\/mae-mu-rgEHTLwaI_8-unsplash-2.jpg\",\"width\":1152,\"height\":1313},{\"@type\":\"BreadcrumbList\",\"@id\":\"https:\\\/\\\/wineluthier.com\\\/fr\\\/salle-de-presse\\\/#breadcrumb\",\"itemListElement\":[{\"@type\":\"ListItem\",\"position\":1,\"name\":\"Home\",\"item\":\"https:\\\/\\\/wineluthier.com\\\/\"},{\"@type\":\"ListItem\",\"position\":2,\"name\":\"Salle de Presse\"}]},{\"@type\":\"WebSite\",\"@id\":\"https:\\\/\\\/wineluthier.com\\\/#website\",\"url\":\"https:\\\/\\\/wineluthier.com\\\/\",\"name\":\"Wine Luthier\",\"description\":\"Picturing the taste\",\"potentialAction\":[{\"@type\":\"SearchAction\",\"target\":{\"@type\":\"EntryPoint\",\"urlTemplate\":\"https:\\\/\\\/wineluthier.com\\\/?s={search_term_string}\"},\"query-input\":{\"@type\":\"PropertyValueSpecification\",\"valueRequired\":true,\"valueName\":\"search_term_string\"}}],\"inLanguage\":\"fr-FR\"}]}<\/script>\n<!-- \/ Yoast SEO plugin. -->","yoast_head_json":{"title":"Salle de Presse - Wine Luthier","robots":{"index":"index","follow":"follow","max-snippet":"max-snippet:-1","max-image-preview":"max-image-preview:large","max-video-preview":"max-video-preview:-1"},"canonical":"https:\/\/wineluthier.com\/fr\/salle-de-presse\/","og_locale":"fr_FR","og_type":"article","og_title":"Salle de Presse - Wine Luthier","og_description":"Les derni\u00e8res nouvelles et \u00e9volutions de Wine Luthier, ainsi que la couverture m\u00e9diatique des activit\u00e9s de l&rsquo;entreprise.&nbsp;","og_url":"https:\/\/wineluthier.com\/fr\/salle-de-presse\/","og_site_name":"Wine Luthier","article_modified_time":"2022-12-15T10:28:09+00:00","og_image":[{"url":"https:\/\/wineluthier.com\/wp-content\/uploads\/2021\/09\/IMG_5887.jpg","type":"","width":"","height":""}],"twitter_card":"summary_large_image","twitter_image":"https:\/\/wineluthier.com\/wp-content\/uploads\/2021\/09\/IMG_5887.jpg","twitter_misc":{"Dur\u00e9e de lecture estim\u00e9e":"1 minute"},"schema":{"@context":"https:\/\/schema.org","@graph":[{"@type":"WebPage","@id":"https:\/\/wineluthier.com\/fr\/salle-de-presse\/","url":"https:\/\/wineluthier.com\/fr\/salle-de-presse\/","name":"Salle de Presse - Wine Luthier","isPartOf":{"@id":"https:\/\/wineluthier.com\/#website"},"primaryImageOfPage":{"@id":"https:\/\/wineluthier.com\/fr\/salle-de-presse\/#primaryimage"},"image":{"@id":"https:\/\/wineluthier.com\/fr\/salle-de-presse\/#primaryimage"},"thumbnailUrl":"https:\/\/wineluthier.com\/wp-content\/uploads\/2021\/07\/mae-mu-rgEHTLwaI_8-unsplash-2.jpg","datePublished":"2021-07-28T17:33:57+00:00","dateModified":"2022-12-15T10:28:09+00:00","breadcrumb":{"@id":"https:\/\/wineluthier.com\/fr\/salle-de-presse\/#breadcrumb"},"inLanguage":"fr-FR","potentialAction":[{"@type":"ReadAction","target":["https:\/\/wineluthier.com\/fr\/salle-de-presse\/"]}]},{"@type":"ImageObject","inLanguage":"fr-FR","@id":"https:\/\/wineluthier.com\/fr\/salle-de-presse\/#primaryimage","url":"https:\/\/wineluthier.com\/wp-content\/uploads\/2021\/07\/mae-mu-rgEHTLwaI_8-unsplash-2.jpg","contentUrl":"https:\/\/wineluthier.com\/wp-content\/uploads\/2021\/07\/mae-mu-rgEHTLwaI_8-unsplash-2.jpg","width":1152,"height":1313},{"@type":"BreadcrumbList","@id":"https:\/\/wineluthier.com\/fr\/salle-de-presse\/#breadcrumb","itemListElement":[{"@type":"ListItem","position":1,"name":"Home","item":"https:\/\/wineluthier.com\/"},{"@type":"ListItem","position":2,"name":"Salle de Presse"}]},{"@type":"WebSite","@id":"https:\/\/wineluthier.com\/#website","url":"https:\/\/wineluthier.com\/","name":"Wine Luthier","description":"Picturing the taste","potentialAction":[{"@type":"SearchAction","target":{"@type":"EntryPoint","urlTemplate":"https:\/\/wineluthier.com\/?s={search_term_string}"},"query-input":{"@type":"PropertyValueSpecification","valueRequired":true,"valueName":"search_term_string"}}],"inLanguage":"fr-FR"}]}},"_links":{"self":[{"href":"https:\/\/wineluthier.com\/fr\/wp-json\/wp\/v2\/pages\/692","targetHints":{"allow":["GET"]}}],"collection":[{"href":"https:\/\/wineluthier.com\/fr\/wp-json\/wp\/v2\/pages"}],"about":[{"href":"https:\/\/wineluthier.com\/fr\/wp-json\/wp\/v2\/types\/page"}],"author":[{"embeddable":true,"href":"https:\/\/wineluthier.com\/fr\/wp-json\/wp\/v2\/users\/1"}],"replies":[{"embeddable":true,"href":"https:\/\/wineluthier.com\/fr\/wp-json\/wp\/v2\/comments?post=692"}],"version-history":[{"count":0,"href":"https:\/\/wineluthier.com\/fr\/wp-json\/wp\/v2\/pages\/692\/revisions"}],"wp:featuredmedia":[{"embeddable":true,"href":"https:\/\/wineluthier.com\/fr\/wp-json\/wp\/v2\/media\/306"}],"wp:attachment":[{"href":"https:\/\/wineluthier.com\/fr\/wp-json\/wp\/v2\/media?parent=692"}],"curies":[{"name":"wp","href":"https:\/\/api.w.org\/{rel}","templated":true}]}}