{"id":268,"date":"2021-01-18T01:49:05","date_gmt":"2021-01-18T01:49:05","guid":{"rendered":"https:\/\/wineluthier.com\/privacy-policy\/"},"modified":"2022-11-25T09:17:26","modified_gmt":"2022-11-25T09:17:26","slug":"politique-de-confidentialite","status":"publish","type":"page","link":"https:\/\/wineluthier.com\/fr\/politique-de-confidentialite\/","title":{"rendered":"Politique de confidentialit\u00e9"},"content":{"rendered":"\n<p><strong>\u00c0 PROPOS DE NOUS<\/strong><\/p>\n\n\n\n<p>L&rsquo;adresse de notre site web est la suivante : https:\/\/www.wineluthier.com<\/p>\n\n\n\n<p><strong>QUELLES DONN\u00c9ES PERSONNELLES NOUS COLLECTONS ET POURQUOI NOUS LES COLLECTONS<\/strong><\/p>\n\n\n\n<p>Commentaires<\/p>\n\n\n\n<p>Lorsque les visiteurs laissent des commentaires sur le site, nous recueillons les donn\u00e9es affich\u00e9es dans le formulaire de contact, ainsi que l&rsquo;adresse IP du visiteur et la cha\u00eene d&rsquo;agent utilisateur du navigateur pour faciliter la d\u00e9tection des spams.<\/p>\n\n\n\n<p>Une cha\u00eene anonyme cr\u00e9\u00e9e \u00e0 partir de votre adresse \u00e9lectronique (\u00e9galement appel\u00e9e hash) peut \u00eatre fournie au service Gravatar pour savoir si vous l&rsquo;utilisez. La politique de confidentialit\u00e9 du service Gravatar est disponible ici : https:\/\/automattic.com\/privacy\/. Apr\u00e8s approbation de votre commentaire, votre photo de profil est visible par le public dans le contexte de votre commentaire.<\/p>\n\n\n\n<p><strong>M\u00e9dias<\/strong><\/p>\n\n\n\n<p>Si vous t\u00e9l\u00e9chargez des images sur le site, vous devez \u00e9viter de t\u00e9l\u00e9charger des images contenant des donn\u00e9es de localisation (GPS EXIF). Les visiteurs du site peuvent t\u00e9l\u00e9charger et extraire toute donn\u00e9e de localisation \u00e0 partir des images du site.<\/p>\n\n\n\n<p>Formulaires de contact<\/p>\n\n\n\n<p><strong>Cookies<\/strong><\/p>\n\n\n\n<p>Si vous laissez un commentaire sur notre site, vous pouvez choisir d&rsquo;enregistrer votre nom, votre adresse \u00e9lectronique et votre site web dans les cookies. Ceci est pour votre confort, afin que vous n&rsquo;ayez pas \u00e0 remplir \u00e0 nouveau vos coordonn\u00e9es lorsque vous laissez un autre commentaire. Ces biscuits se conservent pendant un an.<\/p>\n\n\n\n<p>Si vous avez un compte et que vous vous connectez \u00e0 ce site, nous placerons un cookie temporaire pour d\u00e9terminer si votre navigateur accepte les cookies. Ce cookie ne contient aucune donn\u00e9e personnelle et est supprim\u00e9 lorsque vous fermez votre navigateur.<\/p>\n\n\n\n<p>Lorsque vous vous connectez, nous d\u00e9finissons \u00e9galement un certain nombre de cookies pour stocker vos informations de connexion et vos options d&rsquo;affichage d&rsquo;\u00e9cran. Les cookies de connexion durent deux jours, et les cookies d&rsquo;options d&rsquo;affichage durent un an. Si vous s\u00e9lectionnez \u00ab\u00a0Se souvenir de moi\u00a0\u00bb, votre connexion durera deux semaines. Si vous vous d\u00e9connectez de votre compte, vos cookies de connexion seront supprim\u00e9s.<\/p>\n\n\n\n<p>Si vous modifiez ou publiez un article, un cookie suppl\u00e9mentaire sera enregistr\u00e9 dans votre navigateur. Ce cookie ne contient aucune donn\u00e9e personnelle et indique simplement l&rsquo;ID de l&rsquo;article que vous venez de modifier. Il expire apr\u00e8s 1 jour.<\/p>\n\n\n\n<p><strong>Contenu int\u00e9gr\u00e9 d&rsquo;autres sites web<\/strong><\/p>\n\n\n\n<p>Les articles de ce site peuvent inclure du contenu int\u00e9gr\u00e9 (par exemple des vid\u00e9os, des images, des articles, etc.). Le contenu int\u00e9gr\u00e9 provenant d&rsquo;autres sites web se comporte exactement de la m\u00eame mani\u00e8re que si le visiteur avait visit\u00e9 l&rsquo;autre site web.<\/p>\n\n\n\n<p>Ce site peut collecter des donn\u00e9es vous concernant, utiliser des cookies, int\u00e9grer un suivi suppl\u00e9mentaire provenant de tiers et surveiller votre interaction avec ce contenu int\u00e9gr\u00e9, y compris le suivi de votre interaction avec le contenu int\u00e9gr\u00e9 si vous avez un compte et \u00eates connect\u00e9 \u00e0 ce site.<\/p>\n\n\n\n<p><strong>LA DUR\u00c9E DE CONSERVATION DE VOS DONN\u00c9ES<\/strong><\/p>\n\n\n\n<p>Si vous laissez un commentaire, celui-ci et ses m\u00e9tadonn\u00e9es sont conserv\u00e9s ind\u00e9finiment. Ceci afin que nous puissions reconna\u00eetre et approuver automatiquement les commentaires successifs, plut\u00f4t que de les garder dans une file d&rsquo;attente de mod\u00e9ration.<\/p>\n\n\n\n<p>Pour les utilisateurs qui s&rsquo;inscrivent sur notre site (le cas \u00e9ch\u00e9ant), nous stockons \u00e9galement les informations personnelles qu&rsquo;ils fournissent dans leur profil d&rsquo;utilisateur. Tous les utilisateurs peuvent consulter, modifier ou supprimer leurs informations personnelles \u00e0 tout moment (sauf qu&rsquo;ils ne peuvent pas modifier leur nom d&rsquo;utilisateur). Les administrateurs du site peuvent \u00e9galement consulter et modifier ces informations.<\/p>\n\n\n\n<p><strong>LES DROITS DONT VOUS DISPOSEZ SUR VOS DONN\u00c9ES<\/strong><\/p>\n\n\n\n<p>Si vous avez un compte ou si vous avez laiss\u00e9 des commentaires sur ce site, vous pouvez demander \u00e0 recevoir un fichier d&rsquo;exportation des donn\u00e9es personnelles que nous d\u00e9tenons \u00e0 votre sujet, y compris les donn\u00e9es que vous nous avez fournies. Vous pouvez \u00e9galement nous demander de supprimer toutes les donn\u00e9es personnelles que nous d\u00e9tenons \u00e0 votre sujet. Cela ne comprend pas les donn\u00e9es que nous sommes tenus de conserver \u00e0 des fins administratives, juridiques ou de s\u00e9curit\u00e9.<\/p>\n","protected":false},"excerpt":{"rendered":"<p>\u00c0 PROPOS DE NOUS L&rsquo;adresse de notre site web est la suivante : https:\/\/www.wineluthier.com QUELLES DONN\u00c9ES PERSONNELLES NOUS COLLECTONS ET&#8230;<\/p>\n","protected":false},"author":1,"featured_media":0,"parent":0,"menu_order":45,"comment_status":"closed","ping_status":"closed","template":"","meta":{"_acf_changed":false,"_joinchat":[],"footnotes":""},"class_list":["post-268","page","type-page","status-publish","hentry"],"acf":[],"yoast_head":"<!-- This site is optimized with the Yoast SEO plugin v27.4 - https:\/\/yoast.com\/product\/yoast-seo-wordpress\/ -->\n<title>Politique de confidentialit\u00e9 - Wine Luthier<\/title>\n<meta name=\"robots\" content=\"index, follow, max-snippet:-1, max-image-preview:large, max-video-preview:-1\" \/>\n<link rel=\"canonical\" href=\"https:\/\/wineluthier.com\/fr\/politique-de-confidentialite\/\" \/>\n<meta property=\"og:locale\" content=\"fr_FR\" \/>\n<meta property=\"og:type\" content=\"article\" \/>\n<meta property=\"og:title\" content=\"Politique de confidentialit\u00e9 - Wine Luthier\" \/>\n<meta property=\"og:description\" content=\"\u00c0 PROPOS DE NOUS L&rsquo;adresse de notre site web est la suivante : https:\/\/www.wineluthier.com QUELLES DONN\u00c9ES PERSONNELLES NOUS COLLECTONS ET...\" \/>\n<meta property=\"og:url\" content=\"https:\/\/wineluthier.com\/fr\/politique-de-confidentialite\/\" \/>\n<meta property=\"og:site_name\" content=\"Wine Luthier\" \/>\n<meta property=\"article:modified_time\" content=\"2022-11-25T09:17:26+00:00\" \/>\n<meta name=\"twitter:card\" content=\"summary_large_image\" \/>\n<meta name=\"twitter:label1\" content=\"Dur\u00e9e de lecture estim\u00e9e\" \/>\n\t<meta name=\"twitter:data1\" content=\"3 minutes\" \/>\n<script type=\"application\/ld+json\" class=\"yoast-schema-graph\">{\"@context\":\"https:\\\/\\\/schema.org\",\"@graph\":[{\"@type\":\"WebPage\",\"@id\":\"https:\\\/\\\/wineluthier.com\\\/fr\\\/politique-de-confidentialite\\\/\",\"url\":\"https:\\\/\\\/wineluthier.com\\\/fr\\\/politique-de-confidentialite\\\/\",\"name\":\"Politique de confidentialit\u00e9 - Wine Luthier\",\"isPartOf\":{\"@id\":\"https:\\\/\\\/wineluthier.com\\\/#website\"},\"datePublished\":\"2021-01-18T01:49:05+00:00\",\"dateModified\":\"2022-11-25T09:17:26+00:00\",\"breadcrumb\":{\"@id\":\"https:\\\/\\\/wineluthier.com\\\/fr\\\/politique-de-confidentialite\\\/#breadcrumb\"},\"inLanguage\":\"fr-FR\",\"potentialAction\":[{\"@type\":\"ReadAction\",\"target\":[\"https:\\\/\\\/wineluthier.com\\\/fr\\\/politique-de-confidentialite\\\/\"]}]},{\"@type\":\"BreadcrumbList\",\"@id\":\"https:\\\/\\\/wineluthier.com\\\/fr\\\/politique-de-confidentialite\\\/#breadcrumb\",\"itemListElement\":[{\"@type\":\"ListItem\",\"position\":1,\"name\":\"Home\",\"item\":\"https:\\\/\\\/wineluthier.com\\\/\"},{\"@type\":\"ListItem\",\"position\":2,\"name\":\"Politique de confidentialit\u00e9\"}]},{\"@type\":\"WebSite\",\"@id\":\"https:\\\/\\\/wineluthier.com\\\/#website\",\"url\":\"https:\\\/\\\/wineluthier.com\\\/\",\"name\":\"Wine Luthier\",\"description\":\"Picturing the taste\",\"potentialAction\":[{\"@type\":\"SearchAction\",\"target\":{\"@type\":\"EntryPoint\",\"urlTemplate\":\"https:\\\/\\\/wineluthier.com\\\/?s={search_term_string}\"},\"query-input\":{\"@type\":\"PropertyValueSpecification\",\"valueRequired\":true,\"valueName\":\"search_term_string\"}}],\"inLanguage\":\"fr-FR\"}]}<\/script>\n<!-- \/ Yoast SEO plugin. -->","yoast_head_json":{"title":"Politique de confidentialit\u00e9 - Wine Luthier","robots":{"index":"index","follow":"follow","max-snippet":"max-snippet:-1","max-image-preview":"max-image-preview:large","max-video-preview":"max-video-preview:-1"},"canonical":"https:\/\/wineluthier.com\/fr\/politique-de-confidentialite\/","og_locale":"fr_FR","og_type":"article","og_title":"Politique de confidentialit\u00e9 - Wine Luthier","og_description":"\u00c0 PROPOS DE NOUS L&rsquo;adresse de notre site web est la suivante : https:\/\/www.wineluthier.com QUELLES DONN\u00c9ES PERSONNELLES NOUS COLLECTONS ET...","og_url":"https:\/\/wineluthier.com\/fr\/politique-de-confidentialite\/","og_site_name":"Wine Luthier","article_modified_time":"2022-11-25T09:17:26+00:00","twitter_card":"summary_large_image","twitter_misc":{"Dur\u00e9e de lecture estim\u00e9e":"3 minutes"},"schema":{"@context":"https:\/\/schema.org","@graph":[{"@type":"WebPage","@id":"https:\/\/wineluthier.com\/fr\/politique-de-confidentialite\/","url":"https:\/\/wineluthier.com\/fr\/politique-de-confidentialite\/","name":"Politique de confidentialit\u00e9 - Wine Luthier","isPartOf":{"@id":"https:\/\/wineluthier.com\/#website"},"datePublished":"2021-01-18T01:49:05+00:00","dateModified":"2022-11-25T09:17:26+00:00","breadcrumb":{"@id":"https:\/\/wineluthier.com\/fr\/politique-de-confidentialite\/#breadcrumb"},"inLanguage":"fr-FR","potentialAction":[{"@type":"ReadAction","target":["https:\/\/wineluthier.com\/fr\/politique-de-confidentialite\/"]}]},{"@type":"BreadcrumbList","@id":"https:\/\/wineluthier.com\/fr\/politique-de-confidentialite\/#breadcrumb","itemListElement":[{"@type":"ListItem","position":1,"name":"Home","item":"https:\/\/wineluthier.com\/"},{"@type":"ListItem","position":2,"name":"Politique de confidentialit\u00e9"}]},{"@type":"WebSite","@id":"https:\/\/wineluthier.com\/#website","url":"https:\/\/wineluthier.com\/","name":"Wine Luthier","description":"Picturing the taste","potentialAction":[{"@type":"SearchAction","target":{"@type":"EntryPoint","urlTemplate":"https:\/\/wineluthier.com\/?s={search_term_string}"},"query-input":{"@type":"PropertyValueSpecification","valueRequired":true,"valueName":"search_term_string"}}],"inLanguage":"fr-FR"}]}},"_links":{"self":[{"href":"https:\/\/wineluthier.com\/fr\/wp-json\/wp\/v2\/pages\/268","targetHints":{"allow":["GET"]}}],"collection":[{"href":"https:\/\/wineluthier.com\/fr\/wp-json\/wp\/v2\/pages"}],"about":[{"href":"https:\/\/wineluthier.com\/fr\/wp-json\/wp\/v2\/types\/page"}],"author":[{"embeddable":true,"href":"https:\/\/wineluthier.com\/fr\/wp-json\/wp\/v2\/users\/1"}],"replies":[{"embeddable":true,"href":"https:\/\/wineluthier.com\/fr\/wp-json\/wp\/v2\/comments?post=268"}],"version-history":[{"count":0,"href":"https:\/\/wineluthier.com\/fr\/wp-json\/wp\/v2\/pages\/268\/revisions"}],"wp:attachment":[{"href":"https:\/\/wineluthier.com\/fr\/wp-json\/wp\/v2\/media?parent=268"}],"curies":[{"name":"wp","href":"https:\/\/api.w.org\/{rel}","templated":true}]}}