{"id":260,"date":"2021-01-18T01:55:53","date_gmt":"2021-01-18T01:55:53","guid":{"rendered":"https:\/\/wineluthier.com\/cookies-policy\/"},"modified":"2022-11-25T09:20:51","modified_gmt":"2022-11-25T09:20:51","slug":"politique-de-cookies","status":"publish","type":"page","link":"https:\/\/wineluthier.com\/fr\/politique-de-cookies\/","title":{"rendered":"Politique de cookies"},"content":{"rendered":"\n<p>Sur le site web www.wineluthier.com (ci-apr\u00e8s, le site web), nous utilisons des cookies pour faciliter la relation entre les visiteurs et notre contenu et pour nous permettre d&rsquo;\u00e9tablir des statistiques sur les visiteurs que nous recevons.<\/p>\n\n\n\n<p>Nous vous informons que nous pouvons utiliser des cookies afin de faciliter votre navigation sur le site Web, de vous distinguer des autres utilisateurs, de vous offrir une meilleure exp\u00e9rience dans l&rsquo;utilisation du site Web et d&rsquo;identifier les probl\u00e8mes afin d&rsquo;am\u00e9liorer notre site Web.<\/p>\n\n\n\n<p><strong>Que sont les cookies ?<\/strong><\/p>\n\n\n\n<p>Les cookies sont de petits fichiers qui sont enregistr\u00e9s dans le navigateur utilis\u00e9 par chaque visiteur de notre site web afin que le serveur puisse se souvenir de la visite de cet utilisateur \u00e0 une date ult\u00e9rieure lorsqu&rsquo;il acc\u00e8de \u00e0 nouveau \u00e0 notre contenu. Ces informations ne r\u00e9v\u00e8lent pas votre identit\u00e9 ni vos donn\u00e9es personnelles et ne permettent pas d&rsquo;acc\u00e9der au contenu stock\u00e9 sur votre ordinateur, mais elles permettent \u00e0 notre syst\u00e8me de vous identifier en tant qu&rsquo;utilisateur sp\u00e9cifique ayant d\u00e9j\u00e0 visit\u00e9 le site web, consult\u00e9 certaines pages, etc. et nous permettent \u00e9galement d&rsquo;enregistrer vos pr\u00e9f\u00e9rences personnelles et vos informations techniques.<\/p>\n\n\n\n<p>Conform\u00e9ment \u00e0 la directive 2009\/136\/CE, transpos\u00e9e dans notre l\u00e9gislation par l&rsquo;article 22, alin\u00e9a 2, de la LSSI, en suivant les directives de l&rsquo;AEPD, nous proc\u00e9dons \u00e0 une information d\u00e9taill\u00e9e sur l&rsquo;utilisation de notre site web.<\/p>\n\n\n\n<p>Vous trouverez ci-dessous une classification des cookies en fonction d&rsquo;une s\u00e9rie de cat\u00e9gories. Toutefois, il est n\u00e9cessaire de garder \u00e0 l&rsquo;esprit qu&rsquo;un m\u00eame cookie peut \u00eatre inclus dans plus d&rsquo;une cat\u00e9gorie.<\/p>\n\n\n\n<p>Types de cookies en fonction de l&rsquo;entit\u00e9 qui les g\u00e8re<\/p>\n\n\n\n<p>Cookies de premi\u00e8re partie : Ce sont ceux qui sont envoy\u00e9s \u00e0 l&rsquo;\u00e9quipement terminal de l&rsquo;utilisateur \u00e0 partir d&rsquo;un ordinateur ou d&rsquo;un domaine g\u00e9r\u00e9 par l&rsquo;\u00e9diteur lui-m\u00eame.<br>Cookies tiers : Ce sont ceux qui sont envoy\u00e9s \u00e0 l&rsquo;\u00e9quipement terminal de l&rsquo;utilisateur depuis un ordinateur ou un domaine qui n&rsquo;est pas g\u00e9r\u00e9 par l&rsquo;\u00e9diteur, mais par une autre entit\u00e9 qui traite les donn\u00e9es.<br>Types de cookies en fonction de leur dur\u00e9e d&rsquo;activit\u00e9<\/p>\n\n\n\n<p>Cookies de session : il s&rsquo;agit d&rsquo;un type de cookie con\u00e7u pour collecter et stocker des donn\u00e9es pendant que l&rsquo;utilisateur acc\u00e8de \u00e0 un site web.<br>Cookies persistants : Il s&rsquo;agit d&rsquo;un type de cookie dans lequel les donn\u00e9es restent stock\u00e9es dans le terminal et peuvent \u00eatre consult\u00e9es et trait\u00e9es pendant une p\u00e9riode d\u00e9finie par la partie responsable du cookie, qui peut aller de quelques minutes \u00e0 plusieurs ann\u00e9es.<br>Types de cookies en fonction de leur finalit\u00e9<\/p>\n\n\n\n<p>Cookies techniques : ceux qui permettent \u00e0 l&rsquo;utilisateur de naviguer sur un site web, une plateforme ou une application et d&rsquo;utiliser les diff\u00e9rentes options ou services qui y existent.<br>Cookies de personnalisation : ceux qui permettent \u00e0 l&rsquo;utilisateur d&rsquo;acc\u00e9der au service avec certaines caract\u00e9ristiques g\u00e9n\u00e9rales pr\u00e9d\u00e9finies en fonction d&rsquo;une s\u00e9rie de crit\u00e8res dans le terminal de l&rsquo;utilisateur.<br>Cookies publicitaires : Ce sont ceux qui permettent de g\u00e9rer, de la mani\u00e8re la plus efficace possible, les espaces publicitaires que, le cas \u00e9ch\u00e9ant, l&rsquo;\u00e9diteur a inclus sur une page web.<br>Cookies de publicit\u00e9 comportementale : Ce sont des cookies qui permettent de g\u00e9rer, de la mani\u00e8re la plus efficace possible, les espaces publicitaires que, le cas \u00e9ch\u00e9ant, l&rsquo;\u00e9diteur a inclus sur une page web. Ces cookies stockent des informations sur le comportement des utilisateurs obtenues par l&rsquo;observation continue de leurs habitudes de navigation, ce qui permet de d\u00e9velopper un profil sp\u00e9cifique afin d&rsquo;afficher des publicit\u00e9s bas\u00e9es sur ce dernier.<br>Cookies d&rsquo;analyse : ces cookies permettent \u00e0 la partie qui en est responsable de suivre et d&rsquo;analyser le comportement des utilisateurs des sites web auxquels ils sont li\u00e9s. Les informations recueillies par ce type de cookies sont utilis\u00e9es pour mesurer l&rsquo;activit\u00e9 des sites web, afin d&rsquo;introduire des am\u00e9liorations bas\u00e9es sur l&rsquo;analyse des donn\u00e9es d&rsquo;utilisation des utilisateurs du service.<br>Actuellement, la plupart des navigateurs sont configur\u00e9s par d\u00e9faut pour bloquer l&rsquo;installation de cookies publicitaires ou tiers sur votre ordinateur. L&rsquo;utilisateur peut \u00e9tendre les restrictions d&rsquo;origine, en emp\u00eachant l&rsquo;entr\u00e9e de tout type de cookies, ou \u00e9liminer ces restrictions, en acceptant l&rsquo;entr\u00e9e de tout type de cookies. Si vous souhaitez accepter les cookies publicitaires ou de tiers, vous pouvez configurer votre navigateur \u00e0 cet effet.<\/p>\n\n\n\n<p>L&rsquo;acceptation faite par l&rsquo;utilisateur, en cliquant sur le bouton ACCEPTER montr\u00e9 dans l&rsquo;information initiale sur les cookies, implique que vous consentez express\u00e9ment au responsable de son utilisation, et peut exercer leurs droits et de r\u00e9voquer leur consentement \u00e0 tout moment, \u00e0 travers la demande \u00e0 la WINE LUTHIER SL.<\/p>\n\n\n\n<p>Ci-dessous, nous vous informons en d\u00e9tail de tous les cookies qui pourraient \u00eatre install\u00e9s \u00e0 partir de notre site web. En fonction de votre navigation, de la configuration de votre navigateur et de l&rsquo;acceptation ou du refus de ces derniers, tous ou seulement certains d&rsquo;entre eux peuvent \u00eatre install\u00e9s.<\/p>\n\n\n\n<figure class=\"wp-block-table\"><table><tbody><tr><td>Nombre<\/td><td>Categoria<\/td><td>Descripci\u00f3n<\/td><td>Propiedad<\/td><td>Duraci\u00f3n<\/td><\/tr><tr><td>PHPSESSID<\/td><td>Funcionalidad<\/td><td>Esta cookie es usado por el lenguaje de encriptado PHP para permitir que las variables de sesi\u00f3n sean guardadas en el servidor web.<\/td><td>Propia<\/td><td>Finalizaci\u00f3n de la sesi\u00f3n<\/td><\/tr><tr><td>wp-settings-<\/td><td>Funcionalidad<\/td><td>Sirve para personalizar la Interfaz de Usuario.<\/td><td>Propia<\/td><td>1 a\u00f1o<\/td><\/tr><tr><td>wp-settings-time-<\/td><td>Funcionalidad<\/td><td>Sirve para personalizar la Interfaz de Usuario.<\/td><td>Propia<\/td><td>Finalizaci\u00f3n de la sesi\u00f3n<\/td><\/tr><tr><td>catAccCookies<\/td><td>Funcionalidad<\/td><td>Contiene un c\u00f3digo para verificar que la pol\u00edtica de cookies ha sido aceptada.<\/td><td>Propia<\/td><td>1 d\u00eda<\/td><\/tr><tr><td>_tccl_visitor<\/td><td>Funcionalidad<\/td><td>Desconocemos el origen de la cookie<\/td><td>Terceros<\/td><td>Desconocemos el origen de la cookie<\/td><\/tr><\/tbody><\/table><\/figure>\n\n\n\n<p>Nous sommes susceptibles de mettre \u00e0 jour la politique en mati\u00e8re de cookies de notre site Web, aussi nous vous recommandons de la consulter chaque fois que vous acc\u00e9dez \u00e0 notre site Web afin d&rsquo;\u00eatre correctement inform\u00e9 de la mani\u00e8re dont nous utilisons les cookies et \u00e0 quelles fins.<\/p>\n\n\n\n<p>Si vous ne souhaitez pas que les cookies soient enregistr\u00e9s dans votre navigateur ou si vous pr\u00e9f\u00e9rez recevoir des informations chaque fois qu&rsquo;un cookie demande \u00e0 \u00eatre install\u00e9, vous pouvez configurer vos options de navigation en cons\u00e9quence. La plupart des navigateurs permettent de g\u00e9rer les cookies de 3 mani\u00e8res diff\u00e9rentes :<\/p>\n\n\n\n<p>Les cookies sont toujours rejet\u00e9s ;<\/p>\n\n\n\n<p>Le navigateur demande \u00e0 l&rsquo;utilisateur s&rsquo;il souhaite installer chaque cookie ;<\/p>\n\n\n\n<p>Les cookies sont toujours accept\u00e9s ;<\/p>\n\n\n\n<p>Votre navigateur peut \u00e9galement inclure la possibilit\u00e9 de s\u00e9lectionner en d\u00e9tail les cookies que vous souhaitez voir install\u00e9s sur votre ordinateur. En particulier, l&rsquo;utilisateur peut normalement accepter l&rsquo;une des options suivantes :<\/p>\n\n\n\n<p>Rejeter les cookies de certains domaines ;<\/p>\n\n\n\n<p>Rejeter les cookies de tiers ;<\/p>\n\n\n\n<p>Acceptez les cookies comme non persistants (ils sont supprim\u00e9s lorsque le navigateur est ferm\u00e9) ;<\/p>\n\n\n\n<p>Autoriser le serveur \u00e0 cr\u00e9er des cookies pour un domaine diff\u00e9rent.<\/p>\n\n\n\n<p>Pour autoriser, conna\u00eetre, bloquer ou supprimer les cookies install\u00e9s sur votre ordinateur, vous pouvez le faire en configurant les options du navigateur install\u00e9 sur votre ordinateur.<\/p>\n\n\n\n<p>Vous trouverez des informations sur la mani\u00e8re de configurer les navigateurs les plus couramment utilis\u00e9s aux endroits suivants :<\/p>\n\n\n\n<p>Internet Explorer : Outils -&gt; Options Internet -&gt; Confidentialit\u00e9 -&gt; Param\u00e8tres. Pour plus d&rsquo;informations, vous pouvez consulter le support Microsoft ou l&rsquo;aide du navigateur.<\/p>\n\n\n\n<p>Firefox : Outils -&gt; Options -&gt; Confidentialit\u00e9 -&gt; Historique -&gt; Param\u00e8tres personnalis\u00e9s. Pour plus d&rsquo;informations, vous pouvez consulter l&rsquo;assistance Mozilla ou l&rsquo;aide du navigateur.<\/p>\n\n\n\n<p>Chrome : Param\u00e8tres -&gt; Afficher les options avanc\u00e9es -&gt; Confidentialit\u00e9 -&gt; Param\u00e8tres de contenu. Pour plus d&rsquo;informations, vous pouvez consulter le support Google ou l&rsquo;aide du navigateur.<\/p>\n\n\n\n<p>Safari : Pr\u00e9f\u00e9rences -&gt; S\u00e9curit\u00e9. Pour plus d&rsquo;informations, vous pouvez consulter l&rsquo;assistance Apple ou l&rsquo;aide du navigateur.<\/p>\n","protected":false},"excerpt":{"rendered":"<p>Sur le site web www.wineluthier.com (ci-apr\u00e8s, le site web), nous utilisons des cookies pour faciliter la relation entre les visiteurs&#8230;<\/p>\n","protected":false},"author":1,"featured_media":0,"parent":0,"menu_order":36,"comment_status":"closed","ping_status":"closed","template":"","meta":{"_acf_changed":false,"_joinchat":[],"footnotes":""},"class_list":["post-260","page","type-page","status-publish","hentry"],"acf":[],"yoast_head":"<!-- This site is optimized with the Yoast SEO plugin v27.4 - https:\/\/yoast.com\/product\/yoast-seo-wordpress\/ -->\n<title>Politique de cookies - Wine Luthier<\/title>\n<meta name=\"robots\" content=\"index, follow, max-snippet:-1, max-image-preview:large, max-video-preview:-1\" \/>\n<link rel=\"canonical\" href=\"https:\/\/wineluthier.com\/fr\/politique-de-cookies\/\" \/>\n<meta property=\"og:locale\" content=\"fr_FR\" \/>\n<meta property=\"og:type\" content=\"article\" \/>\n<meta property=\"og:title\" content=\"Politique de cookies - Wine Luthier\" \/>\n<meta property=\"og:description\" content=\"Sur le site web www.wineluthier.com (ci-apr\u00e8s, le site web), nous utilisons des cookies pour faciliter la relation entre les visiteurs...\" \/>\n<meta property=\"og:url\" content=\"https:\/\/wineluthier.com\/fr\/politique-de-cookies\/\" \/>\n<meta property=\"og:site_name\" content=\"Wine Luthier\" \/>\n<meta property=\"article:modified_time\" content=\"2022-11-25T09:20:51+00:00\" \/>\n<meta name=\"twitter:card\" content=\"summary_large_image\" \/>\n<meta name=\"twitter:label1\" content=\"Dur\u00e9e de lecture estim\u00e9e\" \/>\n\t<meta name=\"twitter:data1\" content=\"6 minutes\" \/>\n<script type=\"application\/ld+json\" class=\"yoast-schema-graph\">{\"@context\":\"https:\\\/\\\/schema.org\",\"@graph\":[{\"@type\":\"WebPage\",\"@id\":\"https:\\\/\\\/wineluthier.com\\\/fr\\\/politique-de-cookies\\\/\",\"url\":\"https:\\\/\\\/wineluthier.com\\\/fr\\\/politique-de-cookies\\\/\",\"name\":\"Politique de cookies - Wine Luthier\",\"isPartOf\":{\"@id\":\"https:\\\/\\\/wineluthier.com\\\/#website\"},\"datePublished\":\"2021-01-18T01:55:53+00:00\",\"dateModified\":\"2022-11-25T09:20:51+00:00\",\"breadcrumb\":{\"@id\":\"https:\\\/\\\/wineluthier.com\\\/fr\\\/politique-de-cookies\\\/#breadcrumb\"},\"inLanguage\":\"fr-FR\",\"potentialAction\":[{\"@type\":\"ReadAction\",\"target\":[\"https:\\\/\\\/wineluthier.com\\\/fr\\\/politique-de-cookies\\\/\"]}]},{\"@type\":\"BreadcrumbList\",\"@id\":\"https:\\\/\\\/wineluthier.com\\\/fr\\\/politique-de-cookies\\\/#breadcrumb\",\"itemListElement\":[{\"@type\":\"ListItem\",\"position\":1,\"name\":\"Home\",\"item\":\"https:\\\/\\\/wineluthier.com\\\/\"},{\"@type\":\"ListItem\",\"position\":2,\"name\":\"Politique de cookies\"}]},{\"@type\":\"WebSite\",\"@id\":\"https:\\\/\\\/wineluthier.com\\\/#website\",\"url\":\"https:\\\/\\\/wineluthier.com\\\/\",\"name\":\"Wine Luthier\",\"description\":\"Picturing the taste\",\"potentialAction\":[{\"@type\":\"SearchAction\",\"target\":{\"@type\":\"EntryPoint\",\"urlTemplate\":\"https:\\\/\\\/wineluthier.com\\\/?s={search_term_string}\"},\"query-input\":{\"@type\":\"PropertyValueSpecification\",\"valueRequired\":true,\"valueName\":\"search_term_string\"}}],\"inLanguage\":\"fr-FR\"}]}<\/script>\n<!-- \/ Yoast SEO plugin. -->","yoast_head_json":{"title":"Politique de cookies - Wine Luthier","robots":{"index":"index","follow":"follow","max-snippet":"max-snippet:-1","max-image-preview":"max-image-preview:large","max-video-preview":"max-video-preview:-1"},"canonical":"https:\/\/wineluthier.com\/fr\/politique-de-cookies\/","og_locale":"fr_FR","og_type":"article","og_title":"Politique de cookies - Wine Luthier","og_description":"Sur le site web www.wineluthier.com (ci-apr\u00e8s, le site web), nous utilisons des cookies pour faciliter la relation entre les visiteurs...","og_url":"https:\/\/wineluthier.com\/fr\/politique-de-cookies\/","og_site_name":"Wine Luthier","article_modified_time":"2022-11-25T09:20:51+00:00","twitter_card":"summary_large_image","twitter_misc":{"Dur\u00e9e de lecture estim\u00e9e":"6 minutes"},"schema":{"@context":"https:\/\/schema.org","@graph":[{"@type":"WebPage","@id":"https:\/\/wineluthier.com\/fr\/politique-de-cookies\/","url":"https:\/\/wineluthier.com\/fr\/politique-de-cookies\/","name":"Politique de cookies - Wine Luthier","isPartOf":{"@id":"https:\/\/wineluthier.com\/#website"},"datePublished":"2021-01-18T01:55:53+00:00","dateModified":"2022-11-25T09:20:51+00:00","breadcrumb":{"@id":"https:\/\/wineluthier.com\/fr\/politique-de-cookies\/#breadcrumb"},"inLanguage":"fr-FR","potentialAction":[{"@type":"ReadAction","target":["https:\/\/wineluthier.com\/fr\/politique-de-cookies\/"]}]},{"@type":"BreadcrumbList","@id":"https:\/\/wineluthier.com\/fr\/politique-de-cookies\/#breadcrumb","itemListElement":[{"@type":"ListItem","position":1,"name":"Home","item":"https:\/\/wineluthier.com\/"},{"@type":"ListItem","position":2,"name":"Politique de cookies"}]},{"@type":"WebSite","@id":"https:\/\/wineluthier.com\/#website","url":"https:\/\/wineluthier.com\/","name":"Wine Luthier","description":"Picturing the taste","potentialAction":[{"@type":"SearchAction","target":{"@type":"EntryPoint","urlTemplate":"https:\/\/wineluthier.com\/?s={search_term_string}"},"query-input":{"@type":"PropertyValueSpecification","valueRequired":true,"valueName":"search_term_string"}}],"inLanguage":"fr-FR"}]}},"_links":{"self":[{"href":"https:\/\/wineluthier.com\/fr\/wp-json\/wp\/v2\/pages\/260","targetHints":{"allow":["GET"]}}],"collection":[{"href":"https:\/\/wineluthier.com\/fr\/wp-json\/wp\/v2\/pages"}],"about":[{"href":"https:\/\/wineluthier.com\/fr\/wp-json\/wp\/v2\/types\/page"}],"author":[{"embeddable":true,"href":"https:\/\/wineluthier.com\/fr\/wp-json\/wp\/v2\/users\/1"}],"replies":[{"embeddable":true,"href":"https:\/\/wineluthier.com\/fr\/wp-json\/wp\/v2\/comments?post=260"}],"version-history":[{"count":0,"href":"https:\/\/wineluthier.com\/fr\/wp-json\/wp\/v2\/pages\/260\/revisions"}],"wp:attachment":[{"href":"https:\/\/wineluthier.com\/fr\/wp-json\/wp\/v2\/media?parent=260"}],"curies":[{"name":"wp","href":"https:\/\/api.w.org\/{rel}","templated":true}]}}