{"id":2294,"date":"2026-04-07T11:13:06","date_gmt":"2026-04-07T11:13:06","guid":{"rendered":"https:\/\/wineluthier.com\/projet-ivace\/"},"modified":"2026-04-07T11:13:07","modified_gmt":"2026-04-07T11:13:07","slug":"projet-ivace","status":"publish","type":"page","link":"https:\/\/wineluthier.com\/fr\/projet-ivace\/","title":{"rendered":"PROJET IVACE"},"content":{"rendered":"\n<figure class=\"wp-block-image size-large\"><img decoding=\"async\" src=\"data:image\/gif;base64,R0lGODlhAQABAIAAAAAAAP\/\/\/yH5BAEAAAAALAAAAAABAAEAAAIBRAA7\" data-src=\"https:\/\/wineluthier.com\/wp-content\/uploads\/2025\/02\/IVACEUEdeclaracion-cs-3-1024x110.png\" alt=\"\" class=\"wp-image-1510 lazyload\" \/><noscript><img fetchpriority=\"high\" decoding=\"async\" width=\"1024\" height=\"110\" src=\"https:\/\/wineluthier.com\/wp-content\/uploads\/2025\/02\/IVACEUEdeclaracion-cs-3-1024x110.png\" alt=\"\" class=\"wp-image-1510 lazyload\" srcset=\"https:\/\/wineluthier.com\/wp-content\/uploads\/2025\/02\/IVACEUEdeclaracion-cs-3-1024x110.png 1024w, https:\/\/wineluthier.com\/wp-content\/uploads\/2025\/02\/IVACEUEdeclaracion-cs-3-300x32.png 300w, https:\/\/wineluthier.com\/wp-content\/uploads\/2025\/02\/IVACEUEdeclaracion-cs-3-768x82.png 768w, https:\/\/wineluthier.com\/wp-content\/uploads\/2025\/02\/IVACEUEdeclaracion-cs-3-1536x164.png 1536w, https:\/\/wineluthier.com\/wp-content\/uploads\/2025\/02\/IVACEUEdeclaracion-cs-3-2048x219.png 2048w\" sizes=\"(max-width: 1024px) 100vw, 1024px\" \/><\/noscript><\/figure>\n\n<p>Dans l\u2019objectif de construire une structure solide d\u2019exportation de notre technologie, Wine Luthier a b\u00e9n\u00e9fici\u00e9 du soutien de l\u2019IVACE afin de d\u00e9velopper, gr\u00e2ce \u00e0 l\u2019int\u00e9gration au sein de notre \u00e9quipe d\u2019un cabinet de conseil sp\u00e9cialis\u00e9, une strat\u00e9gie efficace de communication et de gestion commerciale \u00e0 l\u2019export.<\/p>\n","protected":false},"excerpt":{"rendered":"<p>Dans l\u2019objectif de construire une structure solide d\u2019exportation de notre technologie, Wine Luthier a b\u00e9n\u00e9fici\u00e9 du soutien de l\u2019IVACE afin&#8230;<\/p>\n","protected":false},"author":3,"featured_media":0,"parent":0,"menu_order":5,"comment_status":"closed","ping_status":"closed","template":"","meta":{"_acf_changed":false,"_joinchat":[],"footnotes":""},"class_list":["post-2294","page","type-page","status-publish","hentry"],"acf":[],"yoast_head":"<!-- This site is optimized with the Yoast SEO plugin v27.3 - https:\/\/yoast.com\/product\/yoast-seo-wordpress\/ -->\n<title>PROJET IVACE - Wine Luthier<\/title>\n<meta name=\"robots\" content=\"index, follow, max-snippet:-1, max-image-preview:large, max-video-preview:-1\" \/>\n<link rel=\"canonical\" href=\"https:\/\/wineluthier.com\/fr\/projet-ivace\/\" \/>\n<meta property=\"og:locale\" content=\"fr_FR\" \/>\n<meta property=\"og:type\" content=\"article\" \/>\n<meta property=\"og:title\" content=\"PROJET IVACE - Wine Luthier\" \/>\n<meta property=\"og:description\" content=\"Dans l\u2019objectif de construire une structure solide d\u2019exportation de notre technologie, Wine Luthier a b\u00e9n\u00e9fici\u00e9 du soutien de l\u2019IVACE afin...\" \/>\n<meta property=\"og:url\" content=\"https:\/\/wineluthier.com\/fr\/projet-ivace\/\" \/>\n<meta property=\"og:site_name\" content=\"Wine Luthier\" \/>\n<meta property=\"article:modified_time\" content=\"2026-04-07T11:13:07+00:00\" \/>\n<meta property=\"og:image\" content=\"https:\/\/wineluthier.com\/wp-content\/uploads\/2025\/02\/IVACEUEdeclaracion-cs-3-1024x110.png\" \/>\n<meta name=\"twitter:card\" content=\"summary_large_image\" \/>\n<script type=\"application\/ld+json\" class=\"yoast-schema-graph\">{\"@context\":\"https:\\\/\\\/schema.org\",\"@graph\":[{\"@type\":\"WebPage\",\"@id\":\"https:\\\/\\\/wineluthier.com\\\/fr\\\/projet-ivace\\\/\",\"url\":\"https:\\\/\\\/wineluthier.com\\\/fr\\\/projet-ivace\\\/\",\"name\":\"PROJET IVACE - Wine Luthier\",\"isPartOf\":{\"@id\":\"https:\\\/\\\/wineluthier.com\\\/#website\"},\"primaryImageOfPage\":{\"@id\":\"https:\\\/\\\/wineluthier.com\\\/fr\\\/projet-ivace\\\/#primaryimage\"},\"image\":{\"@id\":\"https:\\\/\\\/wineluthier.com\\\/fr\\\/projet-ivace\\\/#primaryimage\"},\"thumbnailUrl\":\"https:\\\/\\\/wineluthier.com\\\/wp-content\\\/uploads\\\/2025\\\/02\\\/IVACEUEdeclaracion-cs-3-1024x110.png\",\"datePublished\":\"2026-04-07T11:13:06+00:00\",\"dateModified\":\"2026-04-07T11:13:07+00:00\",\"breadcrumb\":{\"@id\":\"https:\\\/\\\/wineluthier.com\\\/fr\\\/projet-ivace\\\/#breadcrumb\"},\"inLanguage\":\"fr-FR\",\"potentialAction\":[{\"@type\":\"ReadAction\",\"target\":[\"https:\\\/\\\/wineluthier.com\\\/fr\\\/projet-ivace\\\/\"]}]},{\"@type\":\"ImageObject\",\"inLanguage\":\"fr-FR\",\"@id\":\"https:\\\/\\\/wineluthier.com\\\/fr\\\/projet-ivace\\\/#primaryimage\",\"url\":\"https:\\\/\\\/wineluthier.com\\\/wp-content\\\/uploads\\\/2025\\\/02\\\/IVACEUEdeclaracion-cs-3-1024x110.png\",\"contentUrl\":\"https:\\\/\\\/wineluthier.com\\\/wp-content\\\/uploads\\\/2025\\\/02\\\/IVACEUEdeclaracion-cs-3-1024x110.png\"},{\"@type\":\"BreadcrumbList\",\"@id\":\"https:\\\/\\\/wineluthier.com\\\/fr\\\/projet-ivace\\\/#breadcrumb\",\"itemListElement\":[{\"@type\":\"ListItem\",\"position\":1,\"name\":\"Home\",\"item\":\"https:\\\/\\\/wineluthier.com\\\/\"},{\"@type\":\"ListItem\",\"position\":2,\"name\":\"PROJET IVACE\"}]},{\"@type\":\"WebSite\",\"@id\":\"https:\\\/\\\/wineluthier.com\\\/#website\",\"url\":\"https:\\\/\\\/wineluthier.com\\\/\",\"name\":\"Wine Luthier\",\"description\":\"Picturing the taste\",\"potentialAction\":[{\"@type\":\"SearchAction\",\"target\":{\"@type\":\"EntryPoint\",\"urlTemplate\":\"https:\\\/\\\/wineluthier.com\\\/?s={search_term_string}\"},\"query-input\":{\"@type\":\"PropertyValueSpecification\",\"valueRequired\":true,\"valueName\":\"search_term_string\"}}],\"inLanguage\":\"fr-FR\"}]}<\/script>\n<!-- \/ Yoast SEO plugin. -->","yoast_head_json":{"title":"PROJET IVACE - Wine Luthier","robots":{"index":"index","follow":"follow","max-snippet":"max-snippet:-1","max-image-preview":"max-image-preview:large","max-video-preview":"max-video-preview:-1"},"canonical":"https:\/\/wineluthier.com\/fr\/projet-ivace\/","og_locale":"fr_FR","og_type":"article","og_title":"PROJET IVACE - Wine Luthier","og_description":"Dans l\u2019objectif de construire une structure solide d\u2019exportation de notre technologie, Wine Luthier a b\u00e9n\u00e9fici\u00e9 du soutien de l\u2019IVACE afin...","og_url":"https:\/\/wineluthier.com\/fr\/projet-ivace\/","og_site_name":"Wine Luthier","article_modified_time":"2026-04-07T11:13:07+00:00","og_image":[{"url":"https:\/\/wineluthier.com\/wp-content\/uploads\/2025\/02\/IVACEUEdeclaracion-cs-3-1024x110.png","type":"","width":"","height":""}],"twitter_card":"summary_large_image","schema":{"@context":"https:\/\/schema.org","@graph":[{"@type":"WebPage","@id":"https:\/\/wineluthier.com\/fr\/projet-ivace\/","url":"https:\/\/wineluthier.com\/fr\/projet-ivace\/","name":"PROJET IVACE - Wine Luthier","isPartOf":{"@id":"https:\/\/wineluthier.com\/#website"},"primaryImageOfPage":{"@id":"https:\/\/wineluthier.com\/fr\/projet-ivace\/#primaryimage"},"image":{"@id":"https:\/\/wineluthier.com\/fr\/projet-ivace\/#primaryimage"},"thumbnailUrl":"https:\/\/wineluthier.com\/wp-content\/uploads\/2025\/02\/IVACEUEdeclaracion-cs-3-1024x110.png","datePublished":"2026-04-07T11:13:06+00:00","dateModified":"2026-04-07T11:13:07+00:00","breadcrumb":{"@id":"https:\/\/wineluthier.com\/fr\/projet-ivace\/#breadcrumb"},"inLanguage":"fr-FR","potentialAction":[{"@type":"ReadAction","target":["https:\/\/wineluthier.com\/fr\/projet-ivace\/"]}]},{"@type":"ImageObject","inLanguage":"fr-FR","@id":"https:\/\/wineluthier.com\/fr\/projet-ivace\/#primaryimage","url":"https:\/\/wineluthier.com\/wp-content\/uploads\/2025\/02\/IVACEUEdeclaracion-cs-3-1024x110.png","contentUrl":"https:\/\/wineluthier.com\/wp-content\/uploads\/2025\/02\/IVACEUEdeclaracion-cs-3-1024x110.png"},{"@type":"BreadcrumbList","@id":"https:\/\/wineluthier.com\/fr\/projet-ivace\/#breadcrumb","itemListElement":[{"@type":"ListItem","position":1,"name":"Home","item":"https:\/\/wineluthier.com\/"},{"@type":"ListItem","position":2,"name":"PROJET IVACE"}]},{"@type":"WebSite","@id":"https:\/\/wineluthier.com\/#website","url":"https:\/\/wineluthier.com\/","name":"Wine Luthier","description":"Picturing the taste","potentialAction":[{"@type":"SearchAction","target":{"@type":"EntryPoint","urlTemplate":"https:\/\/wineluthier.com\/?s={search_term_string}"},"query-input":{"@type":"PropertyValueSpecification","valueRequired":true,"valueName":"search_term_string"}}],"inLanguage":"fr-FR"}]}},"_links":{"self":[{"href":"https:\/\/wineluthier.com\/fr\/wp-json\/wp\/v2\/pages\/2294","targetHints":{"allow":["GET"]}}],"collection":[{"href":"https:\/\/wineluthier.com\/fr\/wp-json\/wp\/v2\/pages"}],"about":[{"href":"https:\/\/wineluthier.com\/fr\/wp-json\/wp\/v2\/types\/page"}],"author":[{"embeddable":true,"href":"https:\/\/wineluthier.com\/fr\/wp-json\/wp\/v2\/users\/3"}],"replies":[{"embeddable":true,"href":"https:\/\/wineluthier.com\/fr\/wp-json\/wp\/v2\/comments?post=2294"}],"version-history":[{"count":2,"href":"https:\/\/wineluthier.com\/fr\/wp-json\/wp\/v2\/pages\/2294\/revisions"}],"predecessor-version":[{"id":2297,"href":"https:\/\/wineluthier.com\/fr\/wp-json\/wp\/v2\/pages\/2294\/revisions\/2297"}],"wp:attachment":[{"href":"https:\/\/wineluthier.com\/fr\/wp-json\/wp\/v2\/media?parent=2294"}],"curies":[{"name":"wp","href":"https:\/\/api.w.org\/{rel}","templated":true}]}}