{"id":1486,"date":"2024-10-01T08:45:42","date_gmt":"2024-10-01T08:45:42","guid":{"rendered":"https:\/\/wineluthier.com\/kit-consulting\/"},"modified":"2024-10-01T15:15:38","modified_gmt":"2024-10-01T15:15:38","slug":"kit-consulting","status":"publish","type":"page","link":"https:\/\/wineluthier.com\/fr\/kit-consulting\/","title":{"rendered":"Kit Consulting"},"content":{"rendered":"\n<p class=\"has-negro-color has-text-color has-link-color has-medium-font-size wp-elements-515fcfb4603393bc9d6585a2bb1eb7bb\" id=\"tw-target-text\">Gr\u00e2ce aux fonds <em>NextGenerationEU<\/em> et dans le cadre du \u00ab\u00a0<em>Plan de R\u00e9cup\u00e9ration Transformation et R\u00e9silience<\/em>\u00ab\u00a0, l&rsquo;Union Europ\u00e9enne finance les projets des petites et micro-entreprises en Espagne pour les aider dans leur transformation num\u00e9rique. D\u00e9couvre le Kit Consulting!<br><br>Ton entreprise compte entre 10 et moins de 250 employ\u00e9s? Ton domicile fiscal est situ\u00e9 sur le territoire espagnol? Collabore d\u00e8s maintenant avec The Wine Luthier, reconnu comme Conseiller Digital, pour num\u00e9riser ton entreprise et b\u00e9n\u00e9ficier jusqu&rsquo;\u00e0 24.000\u20ac (entre 10-50 employ\u00e9s: jusqu&rsquo;\u00e0 12.000\u20ac\/ entre 50-100 employ\u00e9s: 18.000\u20ac\/ entre 100-250 employ\u00e9s: 24.000\u20ac).<br><br><\/p>\n\n\n\n<p class=\"has-rojo-color has-text-color has-link-color has-medium-font-size wp-elements-6a76bd7cf8f984a392a3df482fc82e8a\"><strong>Cat\u00e9gories de Services-Conseil<\/strong> que The Wine Luthier peut t&rsquo;offrir (jusqu&rsquo;\u00e0 6.000\u20ac):<\/p>\n\n\n\n<ul class=\"wp-block-list has-medium-font-size\">\n<li class=\"has-medium-font-size\"><strong><em>Service-Conseil en Intelligence Artificielle<\/em><\/strong><\/li>\n\n\n\n<li class=\"has-medium-font-size\"><strong><em>Service-Conseil en Processus commerciaux ou Processus de production<\/em><\/strong><\/li>\n\n\n\n<li class=\"has-medium-font-size\"><strong><em>Service-Conseil en Performance et Strat\u00e9gie commerciale<\/em><\/strong><\/li>\n\n\n\n<li class=\"has-medium-font-size\"><strong><em>Service-Conseil \u201c360\u201d  en Transformation Digital<\/em><\/strong><\/li>\n<\/ul>\n\n\n\n<p><\/p>\n\n\n\n<p><\/p>\n\n\n\n<p class=\"has-small-font-size\">Contactez-nous pour plus d&rsquo;information : administracion@wineluthier.com,<br><br>Toutes les informations sur le Kit Consulting ici: <a href=\"https:\/\/www.red.es\/es\/iniciativas\/proyectos\/kit-consulting\">https:\/\/www.red.es\/es\/iniciativas\/proyectos\/kit-consulting<\/a><\/p>\n\n\n\n<p><\/p>\n","protected":false},"excerpt":{"rendered":"<p>Gr\u00e2ce aux fonds NextGenerationEU et dans le cadre du \u00ab\u00a0Plan de R\u00e9cup\u00e9ration Transformation et R\u00e9silience\u00ab\u00a0, l&rsquo;Union Europ\u00e9enne finance les projets&#8230;<\/p>\n","protected":false},"author":3,"featured_media":1431,"parent":0,"menu_order":11,"comment_status":"closed","ping_status":"closed","template":"","meta":{"_acf_changed":false,"_joinchat":[],"footnotes":""},"class_list":["post-1486","page","type-page","status-publish","has-post-thumbnail","hentry"],"acf":[],"yoast_head":"<!-- This site is optimized with the Yoast SEO plugin v27.4 - https:\/\/yoast.com\/product\/yoast-seo-wordpress\/ -->\n<title>Kit Consulting - Wine Luthier<\/title>\n<meta name=\"robots\" content=\"index, follow, max-snippet:-1, max-image-preview:large, max-video-preview:-1\" \/>\n<link rel=\"canonical\" href=\"https:\/\/wineluthier.com\/fr\/kit-consulting\/\" \/>\n<meta property=\"og:locale\" content=\"fr_FR\" \/>\n<meta property=\"og:type\" content=\"article\" \/>\n<meta property=\"og:title\" content=\"Kit Consulting - Wine Luthier\" \/>\n<meta property=\"og:description\" content=\"Gr\u00e2ce aux fonds NextGenerationEU et dans le cadre du \u00ab\u00a0Plan de R\u00e9cup\u00e9ration Transformation et R\u00e9silience\u00ab\u00a0, l&rsquo;Union Europ\u00e9enne finance les projets...\" \/>\n<meta property=\"og:url\" content=\"https:\/\/wineluthier.com\/fr\/kit-consulting\/\" \/>\n<meta property=\"og:site_name\" content=\"Wine Luthier\" \/>\n<meta property=\"article:modified_time\" content=\"2024-10-01T15:15:38+00:00\" \/>\n<meta property=\"og:image\" content=\"https:\/\/wineluthier.com\/wp-content\/uploads\/2024\/10\/Captura-de-pantalla-2024-08-26-080445-e1727775597915.png\" \/>\n\t<meta property=\"og:image:width\" content=\"529\" \/>\n\t<meta property=\"og:image:height\" content=\"354\" \/>\n\t<meta property=\"og:image:type\" content=\"image\/png\" \/>\n<meta name=\"twitter:card\" content=\"summary_large_image\" \/>\n<meta name=\"twitter:label1\" content=\"Dur\u00e9e de lecture estim\u00e9e\" \/>\n\t<meta name=\"twitter:data1\" content=\"1 minute\" \/>\n<script type=\"application\/ld+json\" class=\"yoast-schema-graph\">{\"@context\":\"https:\\\/\\\/schema.org\",\"@graph\":[{\"@type\":\"WebPage\",\"@id\":\"https:\\\/\\\/wineluthier.com\\\/fr\\\/kit-consulting\\\/\",\"url\":\"https:\\\/\\\/wineluthier.com\\\/fr\\\/kit-consulting\\\/\",\"name\":\"Kit Consulting - Wine Luthier\",\"isPartOf\":{\"@id\":\"https:\\\/\\\/wineluthier.com\\\/#website\"},\"primaryImageOfPage\":{\"@id\":\"https:\\\/\\\/wineluthier.com\\\/fr\\\/kit-consulting\\\/#primaryimage\"},\"image\":{\"@id\":\"https:\\\/\\\/wineluthier.com\\\/fr\\\/kit-consulting\\\/#primaryimage\"},\"thumbnailUrl\":\"https:\\\/\\\/wineluthier.com\\\/wp-content\\\/uploads\\\/2024\\\/10\\\/Captura-de-pantalla-2024-08-26-080445-e1727775597915.png\",\"datePublished\":\"2024-10-01T08:45:42+00:00\",\"dateModified\":\"2024-10-01T15:15:38+00:00\",\"breadcrumb\":{\"@id\":\"https:\\\/\\\/wineluthier.com\\\/fr\\\/kit-consulting\\\/#breadcrumb\"},\"inLanguage\":\"fr-FR\",\"potentialAction\":[{\"@type\":\"ReadAction\",\"target\":[\"https:\\\/\\\/wineluthier.com\\\/fr\\\/kit-consulting\\\/\"]}]},{\"@type\":\"ImageObject\",\"inLanguage\":\"fr-FR\",\"@id\":\"https:\\\/\\\/wineluthier.com\\\/fr\\\/kit-consulting\\\/#primaryimage\",\"url\":\"https:\\\/\\\/wineluthier.com\\\/wp-content\\\/uploads\\\/2024\\\/10\\\/Captura-de-pantalla-2024-08-26-080445-e1727775597915.png\",\"contentUrl\":\"https:\\\/\\\/wineluthier.com\\\/wp-content\\\/uploads\\\/2024\\\/10\\\/Captura-de-pantalla-2024-08-26-080445-e1727775597915.png\",\"width\":529,\"height\":354},{\"@type\":\"BreadcrumbList\",\"@id\":\"https:\\\/\\\/wineluthier.com\\\/fr\\\/kit-consulting\\\/#breadcrumb\",\"itemListElement\":[{\"@type\":\"ListItem\",\"position\":1,\"name\":\"Home\",\"item\":\"https:\\\/\\\/wineluthier.com\\\/\"},{\"@type\":\"ListItem\",\"position\":2,\"name\":\"Kit Consulting\"}]},{\"@type\":\"WebSite\",\"@id\":\"https:\\\/\\\/wineluthier.com\\\/#website\",\"url\":\"https:\\\/\\\/wineluthier.com\\\/\",\"name\":\"Wine Luthier\",\"description\":\"Picturing the taste\",\"potentialAction\":[{\"@type\":\"SearchAction\",\"target\":{\"@type\":\"EntryPoint\",\"urlTemplate\":\"https:\\\/\\\/wineluthier.com\\\/?s={search_term_string}\"},\"query-input\":{\"@type\":\"PropertyValueSpecification\",\"valueRequired\":true,\"valueName\":\"search_term_string\"}}],\"inLanguage\":\"fr-FR\"}]}<\/script>\n<!-- \/ Yoast SEO plugin. -->","yoast_head_json":{"title":"Kit Consulting - Wine Luthier","robots":{"index":"index","follow":"follow","max-snippet":"max-snippet:-1","max-image-preview":"max-image-preview:large","max-video-preview":"max-video-preview:-1"},"canonical":"https:\/\/wineluthier.com\/fr\/kit-consulting\/","og_locale":"fr_FR","og_type":"article","og_title":"Kit Consulting - Wine Luthier","og_description":"Gr\u00e2ce aux fonds NextGenerationEU et dans le cadre du \u00ab\u00a0Plan de R\u00e9cup\u00e9ration Transformation et R\u00e9silience\u00ab\u00a0, l&rsquo;Union Europ\u00e9enne finance les projets...","og_url":"https:\/\/wineluthier.com\/fr\/kit-consulting\/","og_site_name":"Wine Luthier","article_modified_time":"2024-10-01T15:15:38+00:00","og_image":[{"width":529,"height":354,"url":"https:\/\/wineluthier.com\/wp-content\/uploads\/2024\/10\/Captura-de-pantalla-2024-08-26-080445-e1727775597915.png","type":"image\/png"}],"twitter_card":"summary_large_image","twitter_misc":{"Dur\u00e9e de lecture estim\u00e9e":"1 minute"},"schema":{"@context":"https:\/\/schema.org","@graph":[{"@type":"WebPage","@id":"https:\/\/wineluthier.com\/fr\/kit-consulting\/","url":"https:\/\/wineluthier.com\/fr\/kit-consulting\/","name":"Kit Consulting - Wine Luthier","isPartOf":{"@id":"https:\/\/wineluthier.com\/#website"},"primaryImageOfPage":{"@id":"https:\/\/wineluthier.com\/fr\/kit-consulting\/#primaryimage"},"image":{"@id":"https:\/\/wineluthier.com\/fr\/kit-consulting\/#primaryimage"},"thumbnailUrl":"https:\/\/wineluthier.com\/wp-content\/uploads\/2024\/10\/Captura-de-pantalla-2024-08-26-080445-e1727775597915.png","datePublished":"2024-10-01T08:45:42+00:00","dateModified":"2024-10-01T15:15:38+00:00","breadcrumb":{"@id":"https:\/\/wineluthier.com\/fr\/kit-consulting\/#breadcrumb"},"inLanguage":"fr-FR","potentialAction":[{"@type":"ReadAction","target":["https:\/\/wineluthier.com\/fr\/kit-consulting\/"]}]},{"@type":"ImageObject","inLanguage":"fr-FR","@id":"https:\/\/wineluthier.com\/fr\/kit-consulting\/#primaryimage","url":"https:\/\/wineluthier.com\/wp-content\/uploads\/2024\/10\/Captura-de-pantalla-2024-08-26-080445-e1727775597915.png","contentUrl":"https:\/\/wineluthier.com\/wp-content\/uploads\/2024\/10\/Captura-de-pantalla-2024-08-26-080445-e1727775597915.png","width":529,"height":354},{"@type":"BreadcrumbList","@id":"https:\/\/wineluthier.com\/fr\/kit-consulting\/#breadcrumb","itemListElement":[{"@type":"ListItem","position":1,"name":"Home","item":"https:\/\/wineluthier.com\/"},{"@type":"ListItem","position":2,"name":"Kit Consulting"}]},{"@type":"WebSite","@id":"https:\/\/wineluthier.com\/#website","url":"https:\/\/wineluthier.com\/","name":"Wine Luthier","description":"Picturing the taste","potentialAction":[{"@type":"SearchAction","target":{"@type":"EntryPoint","urlTemplate":"https:\/\/wineluthier.com\/?s={search_term_string}"},"query-input":{"@type":"PropertyValueSpecification","valueRequired":true,"valueName":"search_term_string"}}],"inLanguage":"fr-FR"}]}},"_links":{"self":[{"href":"https:\/\/wineluthier.com\/fr\/wp-json\/wp\/v2\/pages\/1486","targetHints":{"allow":["GET"]}}],"collection":[{"href":"https:\/\/wineluthier.com\/fr\/wp-json\/wp\/v2\/pages"}],"about":[{"href":"https:\/\/wineluthier.com\/fr\/wp-json\/wp\/v2\/types\/page"}],"author":[{"embeddable":true,"href":"https:\/\/wineluthier.com\/fr\/wp-json\/wp\/v2\/users\/3"}],"replies":[{"embeddable":true,"href":"https:\/\/wineluthier.com\/fr\/wp-json\/wp\/v2\/comments?post=1486"}],"version-history":[{"count":0,"href":"https:\/\/wineluthier.com\/fr\/wp-json\/wp\/v2\/pages\/1486\/revisions"}],"wp:featuredmedia":[{"embeddable":true,"href":"https:\/\/wineluthier.com\/fr\/wp-json\/wp\/v2\/media\/1431"}],"wp:attachment":[{"href":"https:\/\/wineluthier.com\/fr\/wp-json\/wp\/v2\/media?parent=1486"}],"curies":[{"name":"wp","href":"https:\/\/api.w.org\/{rel}","templated":true}]}}